{"id":14,"date":"2020-02-10T20:34:47","date_gmt":"2020-02-10T20:34:47","guid":{"rendered":"https:\/\/dantepacha.net\/?page_id=14"},"modified":"2020-02-13T21:48:57","modified_gmt":"2020-02-13T21:48:57","slug":"administracion","status":"publish","type":"page","link":"https:\/\/dantepacha.net\/detalles\/administracion\/","title":{"rendered":"Administraci\u00f3n"},"content":{"rendered":"\t\t<div data-elementor-type=\"wp-page\" data-elementor-id=\"14\" class=\"elementor elementor-14\">\n\t\t\t\t\t\t<div class=\"elementor-inner\">\n\t\t\t\t<div class=\"elementor-section-wrap\">\n\t\t\t\t\t\t\t\t\t<section class=\"elementor-section elementor-top-section elementor-element elementor-element-570f3be5 elementor-section-boxed elementor-section-height-default elementor-section-height-default\" data-id=\"570f3be5\" data-element_type=\"section\">\n\t\t\t\t\t\t<div class=\"elementor-container elementor-column-gap-default\">\n\t\t\t\t\t\t\t<div class=\"elementor-row\">\n\t\t\t\t\t<div class=\"elementor-column elementor-col-100 elementor-top-column elementor-element elementor-element-753f3ffa\" data-id=\"753f3ffa\" data-element_type=\"column\">\n\t\t\t<div class=\"elementor-column-wrap elementor-element-populated\">\n\t\t\t\t\t\t\t<div class=\"elementor-widget-wrap\">\n\t\t\t\t\t\t<div class=\"elementor-element elementor-element-228ba0ac elementor-widget elementor-widget-text-editor\" data-id=\"228ba0ac\" data-element_type=\"widget\" data-widget_type=\"text-editor.default\">\n\t\t\t\t<div class=\"elementor-widget-container\">\n\t\t\t\t\t\t\t\t<div class=\"elementor-text-editor elementor-clearfix\">\n\t\t\t\t<!-- wp:paragraph -->\n<p>Conocer las necesidades y los objetivos para brindarle una respuesta honesta, eficaz y competitiva.<\/p>\n<!-- \/wp:paragraph -->\n\n<!-- wp:paragraph -->\n<p>Nuestra consultor\u00eda en administraci\u00f3n te ayuda a identificar procesos clave, \u00e1reas de oportunidad y procesos de mejora para perfeccionar los controles, la supervisi\u00f3n y el servicio a tus clientes. Nos comprometemos en asesorar de manera integral cada proyecto en el que participamos. Siempre creamos modelos de an\u00e1lisis de tu empresa que entiendas f\u00e1cilmente. Adem\u00e1s, en cada proyecto participan contadores, abogados y administradores para ofrecerte diferentes puntos de vista para hacer crecer tu negocio.<\/p>\n<!-- \/wp:paragraph -->\t\t\t\t\t<\/div>\n\t\t\t\t\t\t<\/div>\n\t\t\t\t<\/div>\n\t\t\t\t\t\t<\/div>\n\t\t\t\t\t<\/div>\n\t\t<\/div>\n\t\t\t\t\t\t\t\t<\/div>\n\t\t\t\t\t<\/div>\n\t\t<\/section>\n\t\t\t\t<section class=\"elementor-section elementor-top-section elementor-element elementor-element-2ed3f2e elementor-section-boxed elementor-section-height-default elementor-section-height-default\" data-id=\"2ed3f2e\" data-element_type=\"section\">\n\t\t\t\t\t\t<div class=\"elementor-container elementor-column-gap-default\">\n\t\t\t\t\t\t\t<div class=\"elementor-row\">\n\t\t\t\t\t<div class=\"elementor-column elementor-col-100 elementor-top-column elementor-element elementor-element-cb83959\" data-id=\"cb83959\" data-element_type=\"column\">\n\t\t\t<div class=\"elementor-column-wrap elementor-element-populated\">\n\t\t\t\t\t\t\t<div class=\"elementor-widget-wrap\">\n\t\t\t\t\t\t<div class=\"elementor-element elementor-element-f0dfec2 elementor-widget elementor-widget-image\" data-id=\"f0dfec2\" data-element_type=\"widget\" data-widget_type=\"image.default\">\n\t\t\t\t<div class=\"elementor-widget-container\">\n\t\t\t\t\t\t\t\t<div class=\"elementor-image\">\n\t\t\t\t\t\t\t\t\t\t\t\t<img decoding=\"async\" width=\"630\" height=\"350\" src=\"https:\/\/dantepacha.net\/detalles\/wp-content\/uploads\/2020\/02\/adm-1.jpg\" class=\"attachment-large size-large\" alt=\"\" loading=\"lazy\" srcset=\"https:\/\/dantepacha.net\/detalles\/wp-content\/uploads\/2020\/02\/adm-1.jpg 630w, https:\/\/dantepacha.net\/detalles\/wp-content\/uploads\/2020\/02\/adm-1-300x167.jpg 300w\" sizes=\"(max-width: 630px) 100vw, 630px\" \/>\t\t\t\t\t\t\t\t\t\t\t\t\t\t<\/div>\n\t\t\t\t\t\t<\/div>\n\t\t\t\t<\/div>\n\t\t\t\t<div class=\"elementor-element elementor-element-0b65986 elementor-widget elementor-widget-heading\" data-id=\"0b65986\" data-element_type=\"widget\" data-widget_type=\"heading.default\">\n\t\t\t\t<div class=\"elementor-widget-container\">\n\t\t\t<h2 class=\"elementor-heading-title elementor-size-default\">CONSULTOR\u00cdA EN ADMINISTRACI\u00d3N<\/h2>\t\t<\/div>\n\t\t\t\t<\/div>\n\t\t\t\t<div class=\"elementor-element elementor-element-e5adda3 elementor-widget elementor-widget-text-editor\" data-id=\"e5adda3\" data-element_type=\"widget\" data-widget_type=\"text-editor.default\">\n\t\t\t\t<div class=\"elementor-widget-container\">\n\t\t\t\t\t\t\t\t<div class=\"elementor-text-editor elementor-clearfix\">\n\t\t\t\t<div class=\"UtePc RCETm\" dir=\"ltr\" role=\"main\" aria-hidden=\"false\">\n<section id=\"h.p_YbnWcofkii-w\" class=\"yaqOZd\">\n<div class=\"mYVXT\">\n<div class=\"LS81yb VICjCf\" tabindex=\"-1\">\n<div class=\"hJDwNd-AhqUyc-OwsYgb purZT-AhqUyc-II5mzb pSzOP-AhqUyc-qWD73c JNdkSc yYI8W \">\n<div class=\"JNdkSc-SmKAyb\">\n<div class=\"\">\n<div class=\"oKdM2c\">\n<div id=\"h.p_2WU1GR8iii_h\" class=\"hJDwNd-AhqUyc-OwsYgb jXK9ad D2fZ2 wHaque GNzUNc\">\n<div class=\"jXK9ad-SmKAyb\">\n<div class=\"tyJCtd mGzaTb baZpAe\">\n<p id=\"h.p_2_pfU21_ii_k\" class=\"zfr3Q\">Integrar y aplicar el conocimiento, las actitudes, habilidades y competencias desarrolladas por nuestro equipo de trabajo, como resultado de su evoluci\u00f3n integral: personal, social, profesional, empresarial, a trav\u00e9s de la experiencia obtenida en el dise\u00f1o e implementaci\u00f3n de proyectos de consultor\u00eda, investigaci\u00f3n, asesor\u00eda, direcci\u00f3n, coaching, docencia y capacitaci\u00f3n, con empresas de diversos sectores: industria de la construcci\u00f3n, transformaci\u00f3n, agroindustria, consultor\u00eda, servicios, hoteler\u00eda, asociaciones industriales, sociales, culturales, de educaci\u00f3n y salud; en \u00e1reas como cultura y comportamiento organizacional, direcci\u00f3n estrat\u00e9gica, recursos humanos, estrategia y competitividad, administraci\u00f3n de la calidad, desarrollo organizacional, desarrollo del potencial humano, equipos de alto desempe\u00f1o, inteligencia emocional, seguridad e higiene.<\/p>\n<\/div>\n<\/div>\n<\/div>\n<\/div>\n<\/div>\n<\/div>\n<\/div>\n<\/div>\n<\/div>\n<\/section>\n<\/div>\n<div class=\"Xpil1b\">\u00a0<\/div>\n<footer aria-hidden=\"false\">\n<section id=\"h.s_cXOZYHvHwn5r\" class=\"yaqOZd\"><\/section>\n<\/footer>\t\t\t\t\t<\/div>\n\t\t\t\t\t\t<\/div>\n\t\t\t\t<\/div>\n\t\t\t\t\t\t<\/div>\n\t\t\t\t\t<\/div>\n\t\t<\/div>\n\t\t\t\t\t\t\t\t<\/div>\n\t\t\t\t\t<\/div>\n\t\t<\/section>\n\t\t\t\t\t\t\t\t\t<\/div>\n\t\t\t<\/div>\n\t\t\t\t\t<\/div>\n\t\t<!-- AddThis Advanced Settings generic via filter on the_content --><!-- AddThis Share Buttons generic via filter on the_content -->","protected":false},"excerpt":{"rendered":"<p>Conocer las necesidades y los objetivos para brindarle una respuesta honesta, eficaz y competitiva. Nuestra consultor\u00eda en administraci\u00f3n te ayuda a identificar procesos clave, \u00e1reas de oportunidad y procesos de mejora para perfeccionar los controles, la supervisi\u00f3n y el servicio a tus clientes. Nos comprometemos en asesorar de manera integral cada proyecto en el que&hellip;&nbsp;<a href=\"https:\/\/dantepacha.net\/detalles\/administracion\/\" class=\"\" rel=\"bookmark\">Read More &raquo;<span class=\"screen-reader-text\">Administraci\u00f3n<\/span><\/a><!-- AddThis Advanced Settings generic via filter on get_the_excerpt --><!-- AddThis Share Buttons generic via filter on get_the_excerpt --><\/p>\n","protected":false},"author":1,"featured_media":0,"parent":0,"menu_order":0,"comment_status":"closed","ping_status":"closed","template":"","meta":[],"_links":{"self":[{"href":"https:\/\/dantepacha.net\/detalles\/wp-json\/wp\/v2\/pages\/14"}],"collection":[{"href":"https:\/\/dantepacha.net\/detalles\/wp-json\/wp\/v2\/pages"}],"about":[{"href":"https:\/\/dantepacha.net\/detalles\/wp-json\/wp\/v2\/types\/page"}],"author":[{"embeddable":true,"href":"https:\/\/dantepacha.net\/detalles\/wp-json\/wp\/v2\/users\/1"}],"replies":[{"embeddable":true,"href":"https:\/\/dantepacha.net\/detalles\/wp-json\/wp\/v2\/comments?post=14"}],"version-history":[{"count":2,"href":"https:\/\/dantepacha.net\/detalles\/wp-json\/wp\/v2\/pages\/14\/revisions"}],"predecessor-version":[{"id":691,"href":"https:\/\/dantepacha.net\/detalles\/wp-json\/wp\/v2\/pages\/14\/revisions\/691"}],"wp:attachment":[{"href":"https:\/\/dantepacha.net\/detalles\/wp-json\/wp\/v2\/media?parent=14"}],"curies":[{"name":"wp","href":"https:\/\/api.w.org\/{rel}","templated":true}]}}