{"id":692,"date":"2020-02-13T21:51:26","date_gmt":"2020-02-13T21:51:26","guid":{"rendered":"https:\/\/dantepacha.net\/?page_id=692"},"modified":"2020-02-13T22:32:31","modified_gmt":"2020-02-13T22:32:31","slug":"marketing-digital","status":"publish","type":"page","link":"https:\/\/dantepacha.net\/detalles\/marketing-digital\/","title":{"rendered":"Marketing digital"},"content":{"rendered":"\t\t<div data-elementor-type=\"wp-page\" data-elementor-id=\"692\" class=\"elementor elementor-692\">\n\t\t\t\t\t\t<div class=\"elementor-inner\">\n\t\t\t\t<div class=\"elementor-section-wrap\">\n\t\t\t\t\t\t\t\t\t<section class=\"elementor-section elementor-top-section elementor-element elementor-element-d1c1f01 elementor-section-boxed elementor-section-height-default elementor-section-height-default\" data-id=\"d1c1f01\" data-element_type=\"section\">\n\t\t\t\t\t\t<div class=\"elementor-container elementor-column-gap-default\">\n\t\t\t\t\t\t\t<div class=\"elementor-row\">\n\t\t\t\t\t<div class=\"elementor-column elementor-col-100 elementor-top-column elementor-element elementor-element-2cdffd6\" data-id=\"2cdffd6\" data-element_type=\"column\">\n\t\t\t<div class=\"elementor-column-wrap elementor-element-populated\">\n\t\t\t\t\t\t\t<div class=\"elementor-widget-wrap\">\n\t\t\t\t\t\t<div class=\"elementor-element elementor-element-e714e83 elementor-invisible elementor-widget elementor-widget-heading\" data-id=\"e714e83\" data-element_type=\"widget\" data-settings=\"{&quot;_animation&quot;:&quot;fadeInLeft&quot;}\" data-widget_type=\"heading.default\">\n\t\t\t\t<div class=\"elementor-widget-container\">\n\t\t\t<h2 class=\"elementor-heading-title elementor-size-default\">Marketing Digital<\/h2>\t\t<\/div>\n\t\t\t\t<\/div>\n\t\t\t\t<div class=\"elementor-element elementor-element-bc8330e elementor-invisible elementor-widget elementor-widget-text-editor\" data-id=\"bc8330e\" data-element_type=\"widget\" data-settings=\"{&quot;_animation&quot;:&quot;fadeInRight&quot;}\" data-widget_type=\"text-editor.default\">\n\t\t\t\t<div class=\"elementor-widget-container\">\n\t\t\t\t\t\t\t\t<div class=\"elementor-text-editor elementor-clearfix\">\n\t\t\t\t<section id=\"h.p_F43PPZXQmo_m\" class=\"yaqOZd\"><div class=\"mYVXT\"><div class=\"LS81yb VICjCf\" tabindex=\"-1\"><div class=\"hJDwNd-AhqUyc-uQSCkd purZT-AhqUyc-II5mzb pSzOP-AhqUyc-qWD73c JNdkSc\"><div class=\"JNdkSc-SmKAyb\"><div class=\"\"><div class=\"oKdM2c Kzv0Me\"><div id=\"h.p_iIk5Xb-gmo_a\" class=\"hJDwNd-AhqUyc-uQSCkd jXK9ad D2fZ2 OjCsFc wHaque GNzUNc\"><div class=\"jXK9ad-SmKAyb\"><div class=\"tyJCtd mGzaTb baZpAe\"><p id=\"h.p_a6kcQ8iqmo_j\" class=\"zfr3Q\">Realizo estrategias de Marketing digital, social media, SEO (posicionamiento web), SEM, dise\u00f1o de p\u00e1ginas web corporativas, tiendas online y potenciamos tus redes sociales con las \u00faltimas t\u00e9cnicas y herramientas de dise\u00f1o gr\u00e1fico, para dar respuesta a la experiencia de usuario.<\/p><\/div><\/div><\/div><\/div><\/div><\/div><\/div><\/div><\/div><\/section><section id=\"h.p_lOJFxItEnrNG\" class=\"yaqOZd\"><\/section>\t\t\t\t\t<\/div>\n\t\t\t\t\t\t<\/div>\n\t\t\t\t<\/div>\n\t\t\t\t\t\t<\/div>\n\t\t\t\t\t<\/div>\n\t\t<\/div>\n\t\t\t\t\t\t\t\t<\/div>\n\t\t\t\t\t<\/div>\n\t\t<\/section>\n\t\t\t\t<section class=\"elementor-section elementor-top-section elementor-element elementor-element-f1676bb elementor-section-boxed elementor-section-height-default elementor-section-height-default\" data-id=\"f1676bb\" data-element_type=\"section\">\n\t\t\t\t\t\t<div class=\"elementor-container elementor-column-gap-default\">\n\t\t\t\t\t\t\t<div class=\"elementor-row\">\n\t\t\t\t\t<div class=\"elementor-column elementor-col-100 elementor-top-column elementor-element elementor-element-66e68ed\" data-id=\"66e68ed\" data-element_type=\"column\">\n\t\t\t<div class=\"elementor-column-wrap elementor-element-populated\">\n\t\t\t\t\t\t\t<div class=\"elementor-widget-wrap\">\n\t\t\t\t\t\t<div class=\"elementor-element elementor-element-33cd94b elementor-invisible elementor-widget elementor-widget-heading\" data-id=\"33cd94b\" data-element_type=\"widget\" data-settings=\"{&quot;_animation&quot;:&quot;fadeInLeft&quot;}\" data-widget_type=\"heading.default\">\n\t\t\t\t<div class=\"elementor-widget-container\">\n\t\t\t<h2 class=\"elementor-heading-title elementor-size-default\">Medios online que usamos<\/h2>\t\t<\/div>\n\t\t\t\t<\/div>\n\t\t\t\t<div class=\"elementor-element elementor-element-0fd10b3 elementor-invisible elementor-widget elementor-widget-image-gallery\" data-id=\"0fd10b3\" data-element_type=\"widget\" data-settings=\"{&quot;_animation&quot;:&quot;fadeInDown&quot;}\" data-widget_type=\"image-gallery.default\">\n\t\t\t\t<div class=\"elementor-widget-container\">\n\t\t\t\t\t<div class=\"elementor-image-gallery\">\n\t\t\t<div id='gallery-1' class='gallery galleryid-692 gallery-columns-2 gallery-size-medium_large'><dl class='gallery-item'>\n\t\t\t<dt class='gallery-icon landscape'>\n\t\t\t\t<a data-elementor-open-lightbox=\"yes\" data-elementor-lightbox-slideshow=\"0fd10b3\" data-elementor-lightbox-title=\"mk-1\" e-action-hash=\"#elementor-action%3Aaction%3Dlightbox%26settings%3DeyJpZCI6Njk1LCJ1cmwiOiJodHRwczpcL1wvZGFudGVwYWNoYS5uZXRcL2RldGFsbGVzXC93cC1jb250ZW50XC91cGxvYWRzXC8yMDIwXC8wMlwvbWstMS5qcGciLCJzbGlkZXNob3ciOiIwZmQxMGIzIn0%3D\" href='https:\/\/dantepacha.net\/detalles\/wp-content\/uploads\/2020\/02\/mk-1.jpg'><img width=\"630\" height=\"350\" src=\"https:\/\/dantepacha.net\/detalles\/wp-content\/uploads\/2020\/02\/mk-1.jpg\" class=\"attachment-medium_large size-medium_large\" alt=\"\" decoding=\"async\" loading=\"lazy\" srcset=\"https:\/\/dantepacha.net\/detalles\/wp-content\/uploads\/2020\/02\/mk-1.jpg 630w, https:\/\/dantepacha.net\/detalles\/wp-content\/uploads\/2020\/02\/mk-1-300x167.jpg 300w\" sizes=\"(max-width: 630px) 100vw, 630px\" \/><\/a>\n\t\t\t<\/dt><\/dl><dl class='gallery-item'>\n\t\t\t<dt class='gallery-icon landscape'>\n\t\t\t\t<a data-elementor-open-lightbox=\"yes\" data-elementor-lightbox-slideshow=\"0fd10b3\" data-elementor-lightbox-title=\"mk-2\" e-action-hash=\"#elementor-action%3Aaction%3Dlightbox%26settings%3DeyJpZCI6Njk2LCJ1cmwiOiJodHRwczpcL1wvZGFudGVwYWNoYS5uZXRcL2RldGFsbGVzXC93cC1jb250ZW50XC91cGxvYWRzXC8yMDIwXC8wMlwvbWstMi5qcGciLCJzbGlkZXNob3ciOiIwZmQxMGIzIn0%3D\" href='https:\/\/dantepacha.net\/detalles\/wp-content\/uploads\/2020\/02\/mk-2.jpg'><img width=\"630\" height=\"350\" src=\"https:\/\/dantepacha.net\/detalles\/wp-content\/uploads\/2020\/02\/mk-2.jpg\" class=\"attachment-medium_large size-medium_large\" alt=\"\" decoding=\"async\" loading=\"lazy\" srcset=\"https:\/\/dantepacha.net\/detalles\/wp-content\/uploads\/2020\/02\/mk-2.jpg 630w, https:\/\/dantepacha.net\/detalles\/wp-content\/uploads\/2020\/02\/mk-2-300x167.jpg 300w\" sizes=\"(max-width: 630px) 100vw, 630px\" \/><\/a>\n\t\t\t<\/dt><\/dl><br style=\"clear: both\" \/><dl class='gallery-item'>\n\t\t\t<dt class='gallery-icon landscape'>\n\t\t\t\t<a data-elementor-open-lightbox=\"yes\" data-elementor-lightbox-slideshow=\"0fd10b3\" data-elementor-lightbox-title=\"mk-3\" e-action-hash=\"#elementor-action%3Aaction%3Dlightbox%26settings%3DeyJpZCI6Njk3LCJ1cmwiOiJodHRwczpcL1wvZGFudGVwYWNoYS5uZXRcL2RldGFsbGVzXC93cC1jb250ZW50XC91cGxvYWRzXC8yMDIwXC8wMlwvbWstMy5qcGciLCJzbGlkZXNob3ciOiIwZmQxMGIzIn0%3D\" href='https:\/\/dantepacha.net\/detalles\/wp-content\/uploads\/2020\/02\/mk-3.jpg'><img width=\"630\" height=\"350\" src=\"https:\/\/dantepacha.net\/detalles\/wp-content\/uploads\/2020\/02\/mk-3.jpg\" class=\"attachment-medium_large size-medium_large\" alt=\"\" decoding=\"async\" loading=\"lazy\" srcset=\"https:\/\/dantepacha.net\/detalles\/wp-content\/uploads\/2020\/02\/mk-3.jpg 630w, https:\/\/dantepacha.net\/detalles\/wp-content\/uploads\/2020\/02\/mk-3-300x167.jpg 300w\" sizes=\"(max-width: 630px) 100vw, 630px\" \/><\/a>\n\t\t\t<\/dt><\/dl><dl class='gallery-item'>\n\t\t\t<dt class='gallery-icon landscape'>\n\t\t\t\t<a data-elementor-open-lightbox=\"yes\" data-elementor-lightbox-slideshow=\"0fd10b3\" data-elementor-lightbox-title=\"mk-4\" e-action-hash=\"#elementor-action%3Aaction%3Dlightbox%26settings%3DeyJpZCI6Njk4LCJ1cmwiOiJodHRwczpcL1wvZGFudGVwYWNoYS5uZXRcL2RldGFsbGVzXC93cC1jb250ZW50XC91cGxvYWRzXC8yMDIwXC8wMlwvbWstNC5qcGciLCJzbGlkZXNob3ciOiIwZmQxMGIzIn0%3D\" href='https:\/\/dantepacha.net\/detalles\/wp-content\/uploads\/2020\/02\/mk-4.jpg'><img width=\"630\" height=\"350\" src=\"https:\/\/dantepacha.net\/detalles\/wp-content\/uploads\/2020\/02\/mk-4.jpg\" class=\"attachment-medium_large size-medium_large\" alt=\"\" decoding=\"async\" loading=\"lazy\" srcset=\"https:\/\/dantepacha.net\/detalles\/wp-content\/uploads\/2020\/02\/mk-4.jpg 630w, https:\/\/dantepacha.net\/detalles\/wp-content\/uploads\/2020\/02\/mk-4-300x167.jpg 300w\" sizes=\"(max-width: 630px) 100vw, 630px\" \/><\/a>\n\t\t\t<\/dt><\/dl><br style=\"clear: both\" \/>\n\t\t<\/div>\n\t\t<\/div>\n\t\t\t\t<\/div>\n\t\t\t\t<\/div>\n\t\t\t\t\t\t<\/div>\n\t\t\t\t\t<\/div>\n\t\t<\/div>\n\t\t\t\t\t\t\t\t<\/div>\n\t\t\t\t\t<\/div>\n\t\t<\/section>\n\t\t\t\t\t\t\t\t\t<\/div>\n\t\t\t<\/div>\n\t\t\t\t\t<\/div>\n\t\t<!-- AddThis Advanced Settings generic via filter on the_content --><!-- AddThis Share Buttons generic via filter on the_content -->","protected":false},"excerpt":{"rendered":"<p>Marketing Digital Realizo estrategias de Marketing digital, social media, SEO (posicionamiento web), SEM, dise\u00f1o de p\u00e1ginas web corporativas, tiendas online y potenciamos tus redes sociales con las \u00faltimas t\u00e9cnicas y herramientas de dise\u00f1o gr\u00e1fico, para dar respuesta a la experiencia de usuario. Medios online que usamos<!-- AddThis Advanced Settings generic via filter on get_the_excerpt --><!-- AddThis Share Buttons generic via filter on get_the_excerpt --><\/p>\n","protected":false},"author":1,"featured_media":0,"parent":0,"menu_order":0,"comment_status":"closed","ping_status":"closed","template":"page-templates\/template-pagebuilder-full-width.php","meta":[],"_links":{"self":[{"href":"https:\/\/dantepacha.net\/detalles\/wp-json\/wp\/v2\/pages\/692"}],"collection":[{"href":"https:\/\/dantepacha.net\/detalles\/wp-json\/wp\/v2\/pages"}],"about":[{"href":"https:\/\/dantepacha.net\/detalles\/wp-json\/wp\/v2\/types\/page"}],"author":[{"embeddable":true,"href":"https:\/\/dantepacha.net\/detalles\/wp-json\/wp\/v2\/users\/1"}],"replies":[{"embeddable":true,"href":"https:\/\/dantepacha.net\/detalles\/wp-json\/wp\/v2\/comments?post=692"}],"version-history":[{"count":6,"href":"https:\/\/dantepacha.net\/detalles\/wp-json\/wp\/v2\/pages\/692\/revisions"}],"predecessor-version":[{"id":704,"href":"https:\/\/dantepacha.net\/detalles\/wp-json\/wp\/v2\/pages\/692\/revisions\/704"}],"wp:attachment":[{"href":"https:\/\/dantepacha.net\/detalles\/wp-json\/wp\/v2\/media?parent=692"}],"curies":[{"name":"wp","href":"https:\/\/api.w.org\/{rel}","templated":true}]}}