{"id":866,"date":"2020-04-04T23:38:16","date_gmt":"2020-04-04T23:38:16","guid":{"rendered":"https:\/\/dantepacha.net\/?page_id=866"},"modified":"2020-04-07T22:41:54","modified_gmt":"2020-04-07T22:41:54","slug":"quienes-somos","status":"publish","type":"page","link":"https:\/\/dantepacha.net\/detalles\/quienes-somos\/","title":{"rendered":"Quienes Somos"},"content":{"rendered":"\t\t<div data-elementor-type=\"wp-page\" data-elementor-id=\"866\" class=\"elementor elementor-866\">\n\t\t\t\t\t\t<div class=\"elementor-inner\">\n\t\t\t\t<div class=\"elementor-section-wrap\">\n\t\t\t\t\t\t\t\t\t<section class=\"elementor-section elementor-top-section elementor-element elementor-element-308d3b82 elementor-section-boxed elementor-section-height-default elementor-section-height-default\" data-id=\"308d3b82\" data-element_type=\"section\">\n\t\t\t\t\t\t<div class=\"elementor-container elementor-column-gap-default\">\n\t\t\t\t\t\t\t<div class=\"elementor-row\">\n\t\t\t\t\t<div class=\"elementor-column elementor-col-100 elementor-top-column elementor-element elementor-element-64fec194\" data-id=\"64fec194\" data-element_type=\"column\">\n\t\t\t<div class=\"elementor-column-wrap elementor-element-populated\">\n\t\t\t\t\t\t\t<div class=\"elementor-widget-wrap\">\n\t\t\t\t\t\t<div class=\"elementor-element elementor-element-6a9d769 elementor-widget elementor-widget-heading\" data-id=\"6a9d769\" data-element_type=\"widget\" data-widget_type=\"heading.default\">\n\t\t\t\t<div class=\"elementor-widget-container\">\n\t\t\t<h2 class=\"elementor-heading-title elementor-size-default\">Quienes Somos?<\/h2>\t\t<\/div>\n\t\t\t\t<\/div>\n\t\t\t\t<div class=\"elementor-element elementor-element-e074f8e elementor-widget elementor-widget-text-editor\" data-id=\"e074f8e\" data-element_type=\"widget\" data-widget_type=\"text-editor.default\">\n\t\t\t\t<div class=\"elementor-widget-container\">\n\t\t\t\t\t\t\t\t<div class=\"elementor-text-editor elementor-clearfix\">\n\t\t\t\t<p><strong>Nuestra compa\u00f1\u00eda: <\/strong>Personal and Business Training&nbsp; (DP) antes Sistec Corporation fue creada en el a\u00f1o 2011 por Dante Pacha y su equipo con una Visi\u00f3n concreta, para las soluciones Tecnol\u00f3gicas e Inform\u00e1ticas.<\/p>\n<p><b>Dante Pacha<\/b>: Ing. de Sistemas, Inform\u00e1tica, computaci\u00f3n y Administrador de empresas con Doctorado en Administraci\u00f3n y maestr\u00eda en Gerencia de TIC. Ha estudiado tambi\u00e9n Coaching Ontol\u00f3gico en Axon Training en Argentina y Coaching Ejecutivo en M\u00e9xico, tambi\u00e9n estudi\u00f3 PNL con Juan Diego G\u00f3mez, Marketing Digital con J\u00fcrgen Klaric&nbsp; y estudio Community Manager en Netzun Per\u00fa.<\/p>\n<p>Actualmente Manager de la Fundaci\u00f3n Pro Pauperibus, Llevando adelante los proyectos Como el Centro de Atenci\u00f3n Integral \u00abSumaq Kausay\u00bb- Juliaca, La Instituci\u00f3n Educativa B\u00e1sica Especial \u00abSanta Maria de Guadalupe\u00bb&nbsp; Arapa, Medio ambiente (Escuela Comunitaria) y como apoyo al proyecto Hampi Wasi, tambi\u00e9n participa como docente en la Universidad \u00abAndina Nestor Caceres Velasquez\u00bb y la Universidad Nacional de Juliaca.<\/p>\n<p><b>PROFESOR<\/b>: Fue profesor de c\u00e1tedra en Pregrado y Postgrado, en los \u00e1reas de Inform\u00e1tica y Administraci\u00f3n mas de 9 a\u00f1os iniciando en el IESTP \u00abTecnotronic\u00bb, En la Universidad \u00abAndina Nestor Caceres Velasquez\u00bb, Universidad Nacional del Altiplano y la Universidad Nacional de Juliaca.&nbsp;<\/p>\n<p><br><\/p>\n<p><\/p>\t\t\t\t\t<\/div>\n\t\t\t\t\t\t<\/div>\n\t\t\t\t<\/div>\n\t\t\t\t<div class=\"elementor-element elementor-element-67e4c6a9 elementor-widget elementor-widget-text-editor\" data-id=\"67e4c6a9\" data-element_type=\"widget\" data-widget_type=\"text-editor.default\">\n\t\t\t\t<div class=\"elementor-widget-container\">\n\t\t\t\t\t\t\t\t<div class=\"elementor-text-editor elementor-clearfix\">\n\t\t\t\t<!-- wp:themeisle-blocks\/advanced-columns {\"id\":\"wp-block-themeisle-blocks-advanced-columns-aece1692\"} -->\n<div class=\"wp-block-themeisle-blocks-advanced-columns has-undefined-columns has-desktop-undefined-layout has-tablet-equal-layout has-mobile-equal-layout has-default-gap has-vertical-unset\" id=\"wp-block-themeisle-blocks-advanced-columns-aece1692\" style=\"border-width:0px;border-style:solid;border-color:#000000;border-radius:0px;justify-content:unset\"><div class=\"wp-themeisle-block-overlay\" style=\"opacity:0.5;mix-blend-mode:normal\"><\/div><div class=\"innerblocks-wrap\"><\/div><\/div>\n<!-- \/wp:themeisle-blocks\/advanced-columns -->\t\t\t\t\t<\/div>\n\t\t\t\t\t\t<\/div>\n\t\t\t\t<\/div>\n\t\t\t\t\t\t<\/div>\n\t\t\t\t\t<\/div>\n\t\t<\/div>\n\t\t\t\t\t\t\t\t<\/div>\n\t\t\t\t\t<\/div>\n\t\t<\/section>\n\t\t\t\t\t\t\t\t\t<\/div>\n\t\t\t<\/div>\n\t\t\t\t\t<\/div>\n\t\t<!-- AddThis Advanced Settings generic via filter on the_content --><!-- AddThis Share Buttons generic via filter on the_content -->","protected":false},"excerpt":{"rendered":"<p>Quienes Somos? Nuestra compa\u00f1\u00eda: Personal and Business Training&nbsp; (DP) antes Sistec Corporation fue creada en el a\u00f1o 2011 por Dante Pacha y su equipo con una Visi\u00f3n concreta, para las soluciones Tecnol\u00f3gicas e Inform\u00e1ticas. Dante Pacha: Ing. de Sistemas, Inform\u00e1tica, computaci\u00f3n y Administrador de empresas con Doctorado en Administraci\u00f3n y maestr\u00eda en Gerencia de TIC.&hellip;&nbsp;<a href=\"https:\/\/dantepacha.net\/detalles\/quienes-somos\/\" class=\"\" rel=\"bookmark\">Read More &raquo;<span class=\"screen-reader-text\">Quienes Somos<\/span><\/a><!-- AddThis Advanced Settings generic via filter on get_the_excerpt --><!-- AddThis Share Buttons generic via filter on get_the_excerpt --><\/p>\n","protected":false},"author":1,"featured_media":0,"parent":0,"menu_order":0,"comment_status":"closed","ping_status":"closed","template":"","meta":[],"_links":{"self":[{"href":"https:\/\/dantepacha.net\/detalles\/wp-json\/wp\/v2\/pages\/866"}],"collection":[{"href":"https:\/\/dantepacha.net\/detalles\/wp-json\/wp\/v2\/pages"}],"about":[{"href":"https:\/\/dantepacha.net\/detalles\/wp-json\/wp\/v2\/types\/page"}],"author":[{"embeddable":true,"href":"https:\/\/dantepacha.net\/detalles\/wp-json\/wp\/v2\/users\/1"}],"replies":[{"embeddable":true,"href":"https:\/\/dantepacha.net\/detalles\/wp-json\/wp\/v2\/comments?post=866"}],"version-history":[{"count":5,"href":"https:\/\/dantepacha.net\/detalles\/wp-json\/wp\/v2\/pages\/866\/revisions"}],"predecessor-version":[{"id":930,"href":"https:\/\/dantepacha.net\/detalles\/wp-json\/wp\/v2\/pages\/866\/revisions\/930"}],"wp:attachment":[{"href":"https:\/\/dantepacha.net\/detalles\/wp-json\/wp\/v2\/media?parent=866"}],"curies":[{"name":"wp","href":"https:\/\/api.w.org\/{rel}","templated":true}]}}